{"id":2418,"date":"2024-11-11T09:58:25","date_gmt":"2024-11-11T09:58:25","guid":{"rendered":"https:\/\/josepmcomelles.com\/josep-m-comelles-biografia\/"},"modified":"2025-09-15T07:32:03","modified_gmt":"2025-09-15T07:32:03","slug":"josep-m-comelles-biografia","status":"publish","type":"page","link":"https:\/\/josepmcomelles.com\/es\/josep-m-comelles-biografia\/","title":{"rendered":"Biograf\u00eda"},"content":{"rendered":"<div>Nac\u00ed en Barcelona en 1949. Todav\u00eda tuve una tarjeta de racionamiento. Viv\u00ed en Barcelona hasta 1980 y desde entonces vivo en Creixell, frente al mar azul. Conoc\u00ed a la Barcelona triste y sucia de la posguerra que rehu\u00eda leyendo de forma impenitente o con sesiones maratonianas de programa doble en los cines de las barriadas. Estudi\u00e9 medicina y tambi\u00e9n letras y por las curvas de la vida ha tenido una larga carrera profesional acad\u00e9mica como antrop\u00f3logo m\u00e9dico e historiador de la ciencia. En el umbral de mi jubilaci\u00f3n, en 2015 ya sab\u00eda que un blog pod\u00eda ser una herramienta interesante para explicar libremente lo que me ven\u00eda a la cabeza sin encerrarlo en cors\u00e9s acad\u00e9micos, sab\u00eda tambi\u00e9n que la ilusi\u00f3n adquirida en relaci\u00f3n al cine en mi adolescencia cin\u00e9fila, ahora pod\u00eda llevarla a la pr\u00e1ctica. Desde aqu\u00ed puede encontrar la inmensa mayor\u00eda de lo que he escrito durante m\u00e1s de medio siglo, si te apetece, y los documentos visuales con los que disfruto.<\/div>\n<ul>\n<li>\n<p>        <img decoding=\"async\" src=\"\/wp-content\/uploads\/2025\/06\/academia_comelles.svg\" alt=\"Academia JM Comelles\"><\/p>\n<h3>Academia<\/h3>\n<p><a href=\"https:\/\/independent.academia.edu\/JComelles\"><\/a><\/p>\n<\/li>\n<li>\n<p>        <img decoding=\"async\" src=\"\/wp-content\/uploads\/2025\/06\/google_scholar_comelles.svg\" alt=\"Google shcolar JM Comelles\"><\/p>\n<h3>Google shcolar<\/h3>\n<p><a href=\"https:\/\/scholar.google.es\/citations?view_op=list_works&#038;hl=ca&#038;user=NaYM8S8AAAAJ\"><\/a><\/p>\n<\/li>\n<li>\n<p>        <img decoding=\"async\" src=\"\/wp-content\/uploads\/2025\/06\/orcid_comelles.svg\" alt=\"Orcid JM Comelles\"><\/p>\n<h3>Orcid<\/h3>\n<p><a href=\"https:\/\/orcid.org\/0000-0003-0064-364X\"><\/a><\/p>\n<\/li>\n<li>\n<p>        <img decoding=\"async\" src=\"\/wp-content\/uploads\/2025\/06\/research_gate_comelles.svg\" alt=\"Research Gate JM Comelles\"><\/p>\n<h3>Research Gate JM Comelles<\/h3>\n<p><a href=\"https:\/\/www.researchgate.net\/profile\/Josep-Comelles-2\"><\/a><\/p>\n<\/li>\n<li>\n<p>        <img decoding=\"async\" src=\"\/wp-content\/uploads\/2025\/06\/vimeo_comelles.svg\" alt=\"Vimeo JM Comelles\"><\/p>\n<h3>Vimeo<\/h3>\n<p><a href=\"https:\/\/vimeo.com\/josepmcomelles\"><\/a><\/p>\n<\/li>\n<\/ul>\n<p><!--more--><br \/>\n<!-- {\"type\":\"layout\",\"children\":[{\"type\":\"section\",\"props\":{\"header_transparent\":true,\"header_transparent_noplaceholder\":true,\"height\":\"viewport\",\"image_position\":\"center-center\",\"padding\":\"none\",\"preserve_color\":false,\"style\":\"default\",\"title_breakpoint\":\"xl\",\"title_position\":\"top-left\",\"title_rotation\":\"left\",\"vertical_align\":\"middle\",\"width\":\"\"},\"children\":[{\"type\":\"row\",\"children\":[{\"type\":\"column\",\"props\":{\"image\":\"wp-content\\\/uploads\\\/2025\\\/09\\\/comelles_perfil_2.jpg\",\"image_position\":\"center-center\",\"image_size\":\"cover\",\"padding\":\"none\",\"position_sticky\":\"section\",\"position_sticky_breakpoint\":\"m\",\"text_color\":\"dark\",\"vertical_align\":\"middle\",\"width_medium\":\"1-2\"}},{\"type\":\"column\",\"props\":{\"image_loading\":true,\"image_position\":\"center-center\",\"image_size\":\"cover\",\"order_first\":\"m\",\"padding\":\"large\",\"position_sticky_breakpoint\":\"m\",\"style\":\"card-default\",\"vertical_align\":\"middle\",\"width_medium\":\"1-2\"},\"children\":[{\"type\":\"text\",\"props\":{\"column_breakpoint\":\"m\",\"content\":\"Nac\\u00ed en Barcelona en 1949. Todav\\u00eda tuve una tarjeta de racionamiento. Viv\\u00ed en Barcelona hasta 1980 y desde entonces vivo en Creixell, frente al mar azul. Conoc\\u00ed a la Barcelona triste y sucia de la posguerra que rehu\\u00eda leyendo de forma impenitente o con sesiones maratonianas de programa doble en los cines de las barriadas. Estudi\\u00e9 medicina y tambi\\u00e9n letras y por las curvas de la vida ha tenido una larga carrera profesional acad\\u00e9mica como antrop\\u00f3logo m\\u00e9dico e historiador de la ciencia. En el umbral de mi jubilaci\\u00f3n, en 2015 ya sab\\u00eda que un blog pod\\u00eda ser una herramienta interesante para explicar libremente lo que me ven\\u00eda a la cabeza sin encerrarlo en cors\\u00e9s acad\\u00e9micos, sab\\u00eda tambi\\u00e9n que la ilusi\\u00f3n adquirida en relaci\\u00f3n al cine en mi adolescencia cin\\u00e9fila, ahora pod\\u00eda llevarla a la pr\\u00e1ctica. Desde aqu\\u00ed puede encontrar la inmensa mayor\\u00eda de lo que he escrito durante m\\u00e1s de medio siglo, si te apetece, y los documentos visuales con los que disfruto.\",\"margin\":\"default\"}},{\"type\":\"grid\",\"props\":{\"content_column_breakpoint\":\"m\",\"filter_align\":\"left\",\"filter_all\":true,\"filter_grid_breakpoint\":\"m\",\"filter_grid_width\":\"auto\",\"filter_position\":\"top\",\"filter_style\":\"tab\",\"grid_default\":\"5\",\"grid_medium\":\"\",\"icon_width\":80,\"image_align\":\"top\",\"image_grid_breakpoint\":\"m\",\"image_grid_width\":\"1-2\",\"image_link\":true,\"image_svg_color\":\"emphasis\",\"image_transition\":\"scale-up\",\"image_width\":\"50px\",\"item_animation\":true,\"lightbox_bg_close\":true,\"link_style\":\"default\",\"link_target\":true,\"link_text\":\"\",\"margin\":\"large\",\"meta_align\":\"below-title\",\"meta_element\":\"div\",\"meta_style\":\"text-meta\",\"show_content\":true,\"show_hover_image\":true,\"show_hover_video\":true,\"show_image\":true,\"show_link\":true,\"show_meta\":true,\"show_title\":false,\"show_video\":true,\"title_align\":\"top\",\"title_element\":\"h3\",\"title_grid_breakpoint\":\"m\",\"title_grid_width\":\"1-2\",\"title_hover_style\":\"reset\"},\"children\":[{\"type\":\"grid_item\",\"props\":{\"image\":\"wp-content\\\/uploads\\\/2025\\\/06\\\/academia_comelles.svg\",\"image_alt\":\"Academia JM Comelles\",\"link\":\"https:\\\/\\\/independent.academia.edu\\\/JComelles\",\"title\":\"Academia\"}},{\"type\":\"grid_item\",\"props\":{\"image\":\"wp-content\\\/uploads\\\/2025\\\/06\\\/google_scholar_comelles.svg\",\"image_alt\":\"Google shcolar JM Comelles\",\"link\":\"https:\\\/\\\/scholar.google.es\\\/citations?view_op=list_works&hl=ca&user=NaYM8S8AAAAJ\",\"title\":\"Google shcolar\"}},{\"type\":\"grid_item\",\"props\":{\"image\":\"wp-content\\\/uploads\\\/2025\\\/06\\\/orcid_comelles.svg\",\"image_alt\":\"Orcid JM Comelles\",\"link\":\"https:\\\/\\\/orcid.org\\\/0000-0003-0064-364X\",\"title\":\"Orcid\"}},{\"type\":\"grid_item\",\"props\":{\"image\":\"wp-content\\\/uploads\\\/2025\\\/06\\\/research_gate_comelles.svg\",\"image_alt\":\"Research Gate JM Comelles\",\"link\":\"https:\\\/\\\/www.researchgate.net\\\/profile\\\/Josep-Comelles-2\",\"title\":\"Research Gate JM Comelles\"}},{\"type\":\"grid_item\",\"props\":{\"image\":\"wp-content\\\/uploads\\\/2025\\\/06\\\/vimeo_comelles.svg\",\"image_alt\":\"Vimeo JM Comelles\",\"link\":\"https:\\\/\\\/vimeo.com\\\/josepmcomelles\",\"title\":\"Vimeo\"}}]}]}],\"props\":{\"column_gap\":\"collapse\",\"height\":\"viewport\",\"height_offset_top\":false,\"layout\":\"1-2,1-2\",\"row_gap\":\"collapse\"}}]}],\"version\":\"4.5.21\"} --><\/p>\n","protected":false},"excerpt":{"rendered":"<p>Nac\u00ed en Barcelona en 1949. Todav\u00eda tuve una tarjeta de racionamiento. Viv\u00ed en Barcelona hasta 1980 y desde entonces vivo en Creixell, frente al mar azul. Conoc\u00ed a la Barcelona triste y sucia de la posguerra que rehu\u00eda leyendo de forma impenitente o con sesiones maratonianas de programa doble en los cines de las barriadas. &#8230;<\/p>\n","protected":false},"author":1,"featured_media":0,"parent":0,"menu_order":0,"comment_status":"closed","ping_status":"closed","template":"","meta":{"_acf_changed":false,"footnotes":""},"class_list":["post-2418","page","type-page","status-publish","hentry"],"acf":[],"_links":{"self":[{"href":"https:\/\/josepmcomelles.com\/es\/wp-json\/wp\/v2\/pages\/2418","targetHints":{"allow":["GET"]}}],"collection":[{"href":"https:\/\/josepmcomelles.com\/es\/wp-json\/wp\/v2\/pages"}],"about":[{"href":"https:\/\/josepmcomelles.com\/es\/wp-json\/wp\/v2\/types\/page"}],"author":[{"embeddable":true,"href":"https:\/\/josepmcomelles.com\/es\/wp-json\/wp\/v2\/users\/1"}],"replies":[{"embeddable":true,"href":"https:\/\/josepmcomelles.com\/es\/wp-json\/wp\/v2\/comments?post=2418"}],"version-history":[{"count":4,"href":"https:\/\/josepmcomelles.com\/es\/wp-json\/wp\/v2\/pages\/2418\/revisions"}],"predecessor-version":[{"id":2617,"href":"https:\/\/josepmcomelles.com\/es\/wp-json\/wp\/v2\/pages\/2418\/revisions\/2617"}],"wp:attachment":[{"href":"https:\/\/josepmcomelles.com\/es\/wp-json\/wp\/v2\/media?parent=2418"}],"curies":[{"name":"wp","href":"https:\/\/api.w.org\/{rel}","templated":true}]}}