{"id":2416,"date":"2016-05-10T03:48:21","date_gmt":"2016-05-10T03:48:21","guid":{"rendered":"https:\/\/josepmcomelles.com\/josem-m-comelles\/"},"modified":"2025-09-14T16:35:10","modified_gmt":"2025-09-14T16:35:10","slug":"josem-m-comelles","status":"publish","type":"page","link":"https:\/\/josepmcomelles.com\/es\/","title":{"rendered":"Josep M Comelles"},"content":{"rendered":"<h3>Me resist\u00ed durante a\u00f1os a empezar un blog. Siempre me ha costado mucho escribir cosas cortas. Por eso he publicado poco en los peri\u00f3dicos. Despu\u00e9s de casi medio siglo dedic\u00e1ndome a la Antropolog\u00eda social, que es mi profesi\u00f3n, los posts me ofrec\u00edan una posibilidad nueva que ahora, cuando estoy en mi 75 a\u00f1o de vida quiero proyectar en un entorno comunicativo nuevo.<\/h3>\n<div><!-- This is a button toggling the modal --><br \/>\n<button class=\"uk-button uk-button-primary uk-margin-small-right\" type=\"button\" uk-toggle=\"target: #modal-example\"><span uk-icon=\"plus\"><\/span><\/button><\/p>\n<p><!-- This is the modal --><\/p>\n<div id=\"modal-example\" class=\"uk-flex-top\" uk-modal>\n<div class=\"uk-modal-dialog uk-modal-body uk-margin-auto-vertical\">\n<p>Este entorno es inevitablemente personal que quiere romper con las rigideces de la comunicaci\u00f3n acad\u00e9mica pero sin renunciar por completo. Es un espacio que no me obliga a una estructura narrativa como la acad\u00e9mica y que me permite un grado de libertad personal.<\/p>\n<p>Lo de los blog es curioso. El gran Jean Baptiste Ardilla (1772-1840) hablaba, en un informe a un ministro en 1818 de s\u00ed s\u00f3lo hab\u00eda escrito para s\u00ed mismo. Mi man\u00eda es que este espacio sea un espacio miscel\u00e1neo entre la escritura y lo que es sonoro o visual. pero me parecer\u00eda una trampa ocultar al potencial lector mis sesgos profesionales. Los de mi oficio somos por naturaleza unos mirones. En los tratados acad\u00e9micos lo llaman \u00abetnograf\u00eda asilvestrada\u00bb, pero si por algo valen treinta a\u00f1os de experiencia es ofrecerles una mirada libre sobre el mundo de la que han nacido y nacen las cosas que me interesan.<\/p>\n<p class=\"uk-text-center\">\n            <button class=\"uk-button uk-button-primary uk-modal-close\" type=\"button\"><span uk-icon=\"close\"><\/span><\/button><\/p>\n<\/p><\/div>\n<\/div>\n<\/div>\n<div>\n<h3>Me resist\u00ed durante a\u00f1os a empezar un blog. Siempre me ha costado mucho escribir cosas cortas. Por eso he publicado poco en los peri\u00f3dicos. Despu\u00e9s de casi medio siglo dedic\u00e1ndome a la Antropolog\u00eda social, que es mi profesi\u00f3n, los posts me ofrec\u00edan una posibilidad nueva que ahora, cuando estoy en mi 75 a\u00f1o de vida quiero proyectar en un entorno comunicativo nuevo.<\/h3>\n<h4>Este entorno es inevitablemente personal que quiere romper con las rigideces de la comunicaci\u00f3n acad\u00e9mica pero sin renunciar por completo. Es un espacio que no me obliga a una estructura narrativa como la acad\u00e9mica y que me permite un grado de libertad personal.<\/h4>\n<h4>Lo de los blog es curioso. El gran Jean Baptiste Ardilla (1772-1840) hablaba, en un informe a un ministro en 1818 de s\u00ed s\u00f3lo hab\u00eda escrito para s\u00ed mismo. Mi man\u00eda es que este espacio sea un espacio miscel\u00e1neo entre la escritura y lo que es sonoro o visual. pero me parecer\u00eda una trampa ocultar al potencial lector mis sesgos profesionales. Los de mi oficio somos por naturaleza unos mirones. En los tratados acad\u00e9micos lo llaman \u00abetnograf\u00eda asilvestrada\u00bb, pero si por algo valen treinta a\u00f1os de experiencia es ofrecerles una mirada libre sobre el mundo de la que han nacido y nacen las cosas que me interesan.<\/h4>\n<\/div>\n<ul>\n<li>\n<p>        <img decoding=\"async\" src=\"\/wp-content\/uploads\/2025\/01\/cat_antropologia.jpg\" alt=\"\"><\/p>\n<h4>Antropolog\u00eda<\/h4>\n<p><a href=\"https:\/\/josepmcomelles.com\/es\/category\/antropologia-es\/\"><\/a><\/p>\n<\/li>\n<li>\n<p>        <img decoding=\"async\" src=\"\/wp-content\/uploads\/2025\/01\/cat_antropologia_medica.jpg\" alt=\"\"><\/p>\n<h4>Antropolog\u00eda m\u00e9dica<\/h4>\n<p><a href=\"https:\/\/josepmcomelles.com\/es\/category\/antropologia-medica-es\/\"><\/a><\/p>\n<\/li>\n<li>\n<p>        <img decoding=\"async\" src=\"\/wp-content\/uploads\/2025\/01\/cat_geografies.jpg\" alt=\"\"><\/p>\n<h4>Geograf\u00edas sentimentales<\/h4>\n<p><a href=\"https:\/\/josepmcomelles.com\/es\/category\/geografias-sentimentales\/\"><\/a><\/p>\n<\/li>\n<li>\n<p>        <img decoding=\"async\" src=\"\/wp-content\/uploads\/2025\/01\/cat_etnografies.jpg\" alt=\"\"><\/p>\n<h4>Etnograf\u00edas visuales<\/h4>\n<p><a href=\"https:\/\/josepmcomelles.com\/es\/category\/etnografias-visuales\/\"><\/a><\/p>\n<\/li>\n<li>\n<p>        <img decoding=\"async\" src=\"\/wp-content\/uploads\/2025\/01\/cat_sofa.jpg\" alt=\"\"><\/p>\n<h4>En el sofa con\u2026<\/h4>\n<p><a href=\"https:\/\/josepmcomelles.com\/es\/category\/en-el-sofa-con\/\"><\/a><\/p>\n<\/li>\n<li>\n<p>        <img decoding=\"async\" src=\"\/wp-content\/uploads\/2025\/01\/cat_historia.jpg\" alt=\"\"><\/p>\n<h4>Historia e historias<\/h4>\n<p><a href=\"https:\/\/josepmcomelles.com\/es\/category\/historia-e-historias\/\"><\/a><\/p>\n<\/li>\n<li>\n<p>        <img decoding=\"async\" src=\"\/wp-content\/uploads\/2025\/01\/cat_locos.jpg\" alt=\"\"><\/p>\n<h4>Locos y manicomios<\/h4>\n<p><a href=\"https:\/\/josepmcomelles.com\/es\/category\/locos-y-manicomios\/\"><\/a><\/p>\n<\/li>\n<li>\n<p>        <img decoding=\"async\" src=\"\/wp-content\/uploads\/2025\/01\/cat_libros.jpg\" alt=\"\"><\/p>\n<h4>Libros<\/h4>\n<p><a href=\"https:\/\/josepmcomelles.com\/tag\/libros\/\"><\/a><\/p>\n<\/li>\n<li>\n<p>        <img decoding=\"async\" src=\"\/wp-content\/uploads\/2025\/01\/cat_cine.jpg\" alt=\"\"><\/p>\n<h4>Cine<\/h4>\n<p><a href=\"https:\/\/josepmcomelles.com\/es\/category\/cinema-es\/\"><\/a><\/p>\n<\/li>\n<li>\n<p>        <img decoding=\"async\" src=\"\/wp-content\/uploads\/2025\/01\/cat_viatges.jpg\" alt=\"\"><\/p>\n<h4>Viajes<\/h4>\n<p><a href=\"https:\/\/josepmcomelles.com\/tag\/viajes\/\"><\/a><\/p>\n<\/li>\n<li>\n<p>        <img decoding=\"async\" src=\"\/wp-content\/uploads\/2025\/01\/cat_politica.jpg\" alt=\"\"><\/p>\n<h4>Pol\u00edticas locales<\/h4>\n<p><a href=\"https:\/\/josepmcomelles.com\/es\/category\/politicas\/\"><\/a><\/p>\n<\/li>\n<li>\n<p>        <img decoding=\"async\" src=\"\/wp-content\/uploads\/2025\/01\/cat_obituaris.jpg\" alt=\"\"><\/p>\n<h4>Obituarios y memorias<\/h4>\n<p><a href=\"https:\/\/josepmcomelles.com\/es\/category\/obituarios-y-memorias-es\/\"><\/a><\/p>\n<\/li>\n<li>\n<p>        <img decoding=\"async\" src=\"\/wp-content\/uploads\/2025\/05\/cat_delantal.jpg\" alt=\"\"><\/p>\n<h4>El delantal del Covid19<\/h4>\n<p><a href=\"https:\/\/josepmcomelles.com\/es\/category\/el-delantal-del-covid19\/\"><\/a><\/p>\n<\/li>\n<li>\n<p>        <img decoding=\"async\" src=\"\/wp-content\/uploads\/2025\/01\/cat_cremada.jpg\" alt=\"\"><\/p>\n<h4>La rehabilitaci\u00f3n de la mano quemada<\/h4>\n<p><a href=\"https:\/\/josepmcomelles.com\/es\/category\/la-rehabilitacion-de-la-mano-quemada\/\"><\/a><\/p>\n<\/li>\n<li>\n<p>        <img decoding=\"async\" src=\"\/wp-content\/uploads\/2025\/05\/cat_sociedad_cultura.jpg\" alt=\"\"><\/p>\n<h4>Sociedad y cultura<\/h4>\n<p><a href=\"https:\/\/josepmcomelles.com\/es\/category\/sociedad-y-cultura\/\"><\/a><\/p>\n<\/li>\n<li>\n<p>        <img decoding=\"async\" src=\"\/wp-content\/uploads\/2025\/05\/cat_salud.jpg\" alt=\"\"><\/p>\n<h4>Salud<\/h4>\n<p><a href=\"https:\/\/josepmcomelles.com\/es\/category\/salud\/\"><\/a><\/p>\n<\/li>\n<li>\n<p>        <img decoding=\"async\" src=\"\/wp-content\/uploads\/2025\/05\/cat_coses_familia.jpg\" alt=\"\"><\/p>\n<h4>Cosas de familia<\/h4>\n<p><a href=\"https:\/\/josepmcomelles.com\/es\/category\/cosas-de-familia\/\"><\/a><\/p>\n<\/li>\n<\/ul>\n<p><!--more--><br \/>\n<!-- {\"type\":\"layout\",\"children\":[{\"type\":\"section\",\"props\":{\"header_transparent\":true,\"header_transparent_noplaceholder\":true,\"height\":\"viewport\",\"image_position\":\"center-center\",\"padding\":\"none\",\"preserve_color\":false,\"style\":\"default\",\"title_breakpoint\":\"xl\",\"title_position\":\"top-left\",\"title_rotation\":\"left\",\"vertical_align\":\"middle\",\"width\":\"\"},\"children\":[{\"type\":\"row\",\"children\":[{\"type\":\"column\",\"props\":{\"image_position\":\"center-center\",\"image_size\":\"cover\",\"padding\":\"none\",\"position_sticky\":\"section\",\"position_sticky_breakpoint\":\"m\",\"style\":\"card-secondary\",\"text_color\":\"light\",\"vertical_align\":\"middle\",\"video\":\"wp-content\\\/uploads\\\/2025\\\/06\\\/Reel.m4v\",\"width_medium\":\"1-2\"}},{\"type\":\"column\",\"props\":{\"image_loading\":true,\"image_position\":\"center-center\",\"image_size\":\"cover\",\"order_first\":\"m\",\"padding\":\"large\",\"position_sticky_breakpoint\":\"m\",\"style\":\"card-default\",\"vertical_align\":\"middle\",\"width_medium\":\"1-2\"},\"children\":[{\"type\":\"headline\",\"props\":{\"block_align\":\"center\",\"content\":\"Me resist\\u00ed durante a\\u00f1os a empezar un blog. Siempre me ha costado mucho escribir cosas cortas. Por eso he publicado poco en los peri\\u00f3dicos. Despu\\u00e9s de casi medio siglo dedic\\u00e1ndome a la Antropolog\\u00eda social, que es mi profesi\\u00f3n, los posts me ofrec\\u00edan una posibilidad nueva que ahora, cuando estoy en mi 75 a\\u00f1o de vida quiero proyectar en un entorno comunicativo nuevo.\",\"title_element\":\"h3\",\"visibility\":\"hidden-xl\"}},{\"type\":\"text\",\"props\":{\"block_align\":\"center\",\"column_breakpoint\":\"m\",\"content\":\"<!-- This is a button toggling the modal -->\\n<button class=\\\"uk-button uk-button-primary uk-margin-small-right\\\" type=\\\"button\\\" uk-toggle=\\\"target: #modal-example\\\"><span uk-icon=\\\"plus\\\"><\\\/span><\\\/button>\\n\\n\\n<!-- This is the modal -->\\n<\/p>\n<div id=\\\"modal-example\\\" class=\\\"uk-flex-top\\\" uk-modal>\\n    <\/p>\n<div class=\\\"uk-modal-dialog uk-modal-body uk-margin-auto-vertical\\\">\\n       \\n        <\/p>\n<p>Este entorno es inevitablemente personal que quiere romper con las rigideces de la comunicaci\\u00f3n acad\\u00e9mica pero sin renunciar por completo. Es un espacio que no me obliga a una estructura narrativa como la acad\\u00e9mica y que me permite un grado de libertad personal.<\\\/p>\\n\\n<\/p>\n<p>Lo de los blog es curioso. El gran Jean Baptiste Ardilla (1772-1840) hablaba, en un informe a un ministro en 1818 de s\\u00ed s\\u00f3lo hab\\u00eda escrito para s\\u00ed mismo. Mi man\\u00eda es que este espacio sea un espacio miscel\\u00e1neo entre la escritura y lo que es sonoro o visual. pero me parecer\\u00eda una trampa ocultar al potencial lector mis sesgos profesionales. Los de mi oficio somos por naturaleza unos mirones. En los tratados acad\\u00e9micos lo llaman \\u00abetnograf\\u00eda asilvestrada\\u00bb, pero si por algo valen treinta a\\u00f1os de experiencia es ofrecerles una mirada libre sobre el mundo de la que han nacido y nacen las cosas que me interesan.<\\\/p> \\n\\n\\n        <\/p>\n<p class=\\\"uk-text-center\\\">\\n            <button class=\\\"uk-button uk-button-primary uk-modal-close\\\" type=\\\"button\\\"><span uk-icon=\\\"close\\\"><\\\/span><\\\/button>\\n            \\n        <\\\/p>\\n    <\\\/div>\\n<\\\/div>\u00ab,\u00bbmargin\u00bb:\u00bbdefault\u00bb,\u00bbvisibility\u00bb:\u00bbhidden-xl\u00bb}},{\u00abtype\u00bb:\u00bbtext\u00bb,\u00bbprops\u00bb:{\u00abcolumn_breakpoint\u00bb:\u00bbm\u00bb,\u00bbcontent\u00bb:\u00bb<\/p>\n<h3>Me resist\\u00ed durante a\\u00f1os a empezar un blog. Siempre me ha costado mucho escribir cosas cortas. Por eso he publicado poco en los peri\\u00f3dicos. Despu\\u00e9s de casi medio siglo dedic\\u00e1ndome a la Antropolog\\u00eda social, que es mi profesi\\u00f3n, los posts me ofrec\\u00edan una posibilidad nueva que ahora, cuando estoy en mi 75 a\\u00f1o de vida quiero proyectar en un entorno comunicativo nuevo.<\\\/h3>\\n<\/p>\n<h4>Este entorno es inevitablemente personal que quiere romper con las rigideces de la comunicaci\\u00f3n acad\\u00e9mica pero sin renunciar por completo. Es un espacio que no me obliga a una estructura narrativa como la acad\\u00e9mica y que me permite un grado de libertad personal.<\\\/h4>\\n\\n<\/p>\n<h4>Lo de los blog es curioso. El gran Jean Baptiste Ardilla (1772-1840) hablaba, en un informe a un ministro en 1818 de s\\u00ed s\\u00f3lo hab\\u00eda escrito para s\\u00ed mismo. Mi man\\u00eda es que este espacio sea un espacio miscel\\u00e1neo entre la escritura y lo que es sonoro o visual. pero me parecer\\u00eda una trampa ocultar al potencial lector mis sesgos profesionales. Los de mi oficio somos por naturaleza unos mirones. En los tratados acad\\u00e9micos lo llaman \\u00abetnograf\\u00eda asilvestrada\\u00bb, pero si por algo valen treinta a\\u00f1os de experiencia es ofrecerles una mirada libre sobre el mundo de la que han nacido y nacen las cosas que me interesan.<\\\/h4>\u00ab,\u00bbmargin\u00bb:\u00bbdefault\u00bb,\u00bbvisibility\u00bb:\u00bbxl\u00bb}}]}],\u00bbprops\u00bb:{\u00abcolumn_gap\u00bb:\u00bbcollapse\u00bb,\u00bbheight\u00bb:\u00bbviewport\u00bb,\u00bbheight_offset_top\u00bb:false,\u00bblayout\u00bb:\u00bb1-2,1-2&#8243;,\u00bbrow_gap\u00bb:\u00bbcollapse\u00bb}},{\u00abtype\u00bb:\u00bbrow\u00bb,\u00bbchildren\u00bb:[{\u00abtype\u00bb:\u00bbcolumn\u00bb,\u00bbprops\u00bb:{\u00abimage_position\u00bb:\u00bbcenter-center\u00bb,\u00bbpadding\u00bb:\u00bbnone\u00bb,\u00bbposition_sticky_breakpoint\u00bb:\u00bbm\u00bb,\u00bbstyle\u00bb:\u00bbcard-default\u00bb,\u00bbvertical_align\u00bb:\u00bbmiddle\u00bb,\u00bbwidth_medium\u00bb:\u00bb1-2&#8243;}},{\u00abtype\u00bb:\u00bbcolumn\u00bb,\u00bbprops\u00bb:{\u00abimage_loading\u00bb:true,\u00bbimage_position\u00bb:\u00bbcenter-center\u00bb,\u00bbimage_size\u00bb:\u00bbcover\u00bb,\u00bborder_first\u00bb:\u00bbm\u00bb,\u00bbpadding\u00bb:\u00bblarge\u00bb,\u00bbposition_sticky_breakpoint\u00bb:\u00bbm\u00bb,\u00bbvertical_align\u00bb:\u00bbmiddle\u00bb,\u00bbwidth_medium\u00bb:\u00bb1-2&#8243;},\u00bbchildren\u00bb:[{\u00abtype\u00bb:\u00bbgallery\u00bb,\u00bbprops\u00bb:{\u00abfilter_align\u00bb:\u00bbleft\u00bb,\u00bbfilter_all\u00bb:true,\u00bbfilter_grid_breakpoint\u00bb:\u00bbm\u00bb,\u00bbfilter_grid_width\u00bb:\u00bbauto\u00bb,\u00bbfilter_position\u00bb:\u00bbtop\u00bb,\u00bbfilter_style\u00bb:\u00bbtab\u00bb,\u00bbgrid_column_gap\u00bb:\u00bbcollapse\u00bb,\u00bbgrid_default\u00bb:\u00bb1&#8243;,\u00bbgrid_large\u00bb:\u00bb3&#8243;,\u00bbgrid_medium\u00bb:\u00bb2&#8243;,\u00bbgrid_row_gap\u00bb:\u00bbcollapse\u00bb,\u00bbimage_width\u00bb:\u00bb700&#8243;,\u00bbitem_animation\u00bb:true,\u00bblightbox_bg_close\u00bb:true,\u00bblink_style\u00bb:\u00bbdefault\u00bb,\u00bblink_text\u00bb:\u00bb\u00bb,\u00bbmargin\u00bb:\u00bblarge\u00bb,\u00bbmeta_align\u00bb:\u00bbbelow-title\u00bb,\u00bbmeta_element\u00bb:\u00bbdiv\u00bb,\u00bbmeta_style\u00bb:\u00bbtext-meta\u00bb,\u00bboverlay_hover\u00bb:true,\u00bboverlay_link\u00bb:true,\u00bboverlay_mode\u00bb:\u00bbcover\u00bb,\u00bboverlay_padding\u00bb:\u00bbsmall\u00bb,\u00bboverlay_position\u00bb:\u00bbcenter\u00bb,\u00bboverlay_style\u00bb:\u00bboverlay-primary\u00bb,\u00bboverlay_transition\u00bb:\u00bbfade\u00bb,\u00bbshow_content\u00bb:true,\u00bbshow_hover_image\u00bb:true,\u00bbshow_hover_video\u00bb:true,\u00bbshow_link\u00bb:true,\u00bbshow_meta\u00bb:true,\u00bbshow_title\u00bb:true,\u00bbtext_align\u00bb:\u00bbcenter\u00bb,\u00bbtext_color\u00bb:\u00bblight\u00bb,\u00bbtitle_element\u00bb:\u00bbh4&#8243;,\u00bbtitle_hover_style\u00bb:\u00bbreset\u00bb},\u00bbchildren\u00bb:[{\u00abtype\u00bb:\u00bbgallery_item\u00bb,\u00bbprops\u00bb:{\u00abhover_image\u00bb:\u00bb\u00bb,\u00bbimage\u00bb:\u00bbwp-content\\\/uploads\\\/2025\\\/01\\\/cat_antropologia.jpg\u00bb,\u00bblink\u00bb:\u00bbes\\\/category\\\/antropologia-es\\\/\u00bb,\u00bbtitle\u00bb:\u00bbAntropolog\\u00eda\u00bb}},{\u00abtype\u00bb:\u00bbgallery_item\u00bb,\u00bbprops\u00bb:{\u00abhover_image\u00bb:\u00bb\u00bb,\u00bbimage\u00bb:\u00bbwp-content\\\/uploads\\\/2025\\\/01\\\/cat_antropologia_medica.jpg\u00bb,\u00bblink\u00bb:\u00bbes\\\/category\\\/antropologia-medica-es\\\/\u00bb,\u00bbtitle\u00bb:\u00bbAntropolog\\u00eda m\\u00e9dica\u00bb}},{\u00abtype\u00bb:\u00bbgallery_item\u00bb,\u00bbprops\u00bb:{\u00abhover_image\u00bb:\u00bb\u00bb,\u00bbimage\u00bb:\u00bbwp-content\\\/uploads\\\/2025\\\/01\\\/cat_geografies.jpg\u00bb,\u00bblink\u00bb:\u00bbes\\\/category\\\/geografias-sentimentales\\\/\u00bb,\u00bbtitle\u00bb:\u00bbGeograf\\u00edas sentimentales\u00bb}},{\u00abtype\u00bb:\u00bbgallery_item\u00bb,\u00bbprops\u00bb:{\u00abhover_image\u00bb:\u00bb\u00bb,\u00bbimage\u00bb:\u00bbwp-content\\\/uploads\\\/2025\\\/01\\\/cat_etnografies.jpg\u00bb,\u00bblink\u00bb:\u00bbes\\\/category\\\/etnografias-visuales\\\/\u00bb,\u00bbtitle\u00bb:\u00bbEtnograf\\u00edas visuales\u00bb}},{\u00abtype\u00bb:\u00bbgallery_item\u00bb,\u00bbprops\u00bb:{\u00abhover_image\u00bb:\u00bb\u00bb,\u00bbimage\u00bb:\u00bbwp-content\\\/uploads\\\/2025\\\/01\\\/cat_sofa.jpg\u00bb,\u00bblink\u00bb:\u00bbes\\\/category\\\/en-el-sofa-con\\\/\u00bb,\u00bbtitle\u00bb:\u00bbEn el sofa con\\u2026&#8243;}},{\u00abtype\u00bb:\u00bbgallery_item\u00bb,\u00bbprops\u00bb:{\u00abhover_image\u00bb:\u00bb\u00bb,\u00bbimage\u00bb:\u00bbwp-content\\\/uploads\\\/2025\\\/01\\\/cat_historia.jpg\u00bb,\u00bblink\u00bb:\u00bbes\\\/category\\\/historia-e-historias\\\/\u00bb,\u00bbtitle\u00bb:\u00bbHistoria e historias\u00bb}},{\u00abtype\u00bb:\u00bbgallery_item\u00bb,\u00bbprops\u00bb:{\u00abhover_image\u00bb:\u00bb\u00bb,\u00bbimage\u00bb:\u00bbwp-content\\\/uploads\\\/2025\\\/01\\\/cat_locos.jpg\u00bb,\u00bblink\u00bb:\u00bbes\\\/category\\\/locos-y-manicomios\\\/\u00bb,\u00bbtitle\u00bb:\u00bbLocos y manicomios\u00bb}},{\u00abtype\u00bb:\u00bbgallery_item\u00bb,\u00bbprops\u00bb:{\u00abhover_image\u00bb:\u00bb\u00bb,\u00bbimage\u00bb:\u00bbwp-content\\\/uploads\\\/2025\\\/01\\\/cat_libros.jpg\u00bb,\u00bblink\u00bb:\u00bbes\\\/category\\\/libros\\\/\u00bb,\u00bbtitle\u00bb:\u00bbLibros\u00bb}},{\u00abtype\u00bb:\u00bbgallery_item\u00bb,\u00bbprops\u00bb:{\u00abhover_image\u00bb:\u00bb\u00bb,\u00bbimage\u00bb:\u00bbwp-content\\\/uploads\\\/2025\\\/01\\\/cat_cine.jpg\u00bb,\u00bblink\u00bb:\u00bbes\\\/category\\\/cinema-es\\\/\u00bb,\u00bbtitle\u00bb:\u00bbCine\u00bb}},{\u00abtype\u00bb:\u00bbgallery_item\u00bb,\u00bbprops\u00bb:{\u00abhover_image\u00bb:\u00bb\u00bb,\u00bbimage\u00bb:\u00bbwp-content\\\/uploads\\\/2025\\\/01\\\/cat_viatges.jpg\u00bb,\u00bblink\u00bb:\u00bbes\\\/category\\\/viajes\\\/\u00bb,\u00bbtitle\u00bb:\u00bbViajes\u00bb}},{\u00abtype\u00bb:\u00bbgallery_item\u00bb,\u00bbprops\u00bb:{\u00abhover_image\u00bb:\u00bb\u00bb,\u00bbimage\u00bb:\u00bbwp-content\\\/uploads\\\/2025\\\/01\\\/cat_politica.jpg\u00bb,\u00bblink\u00bb:\u00bbes\\\/category\\\/politicas\\\/\u00bb,\u00bbtitle\u00bb:\u00bbPol\\u00edticas locales\u00bb}},{\u00abtype\u00bb:\u00bbgallery_item\u00bb,\u00bbprops\u00bb:{\u00abhover_image\u00bb:\u00bb\u00bb,\u00bbimage\u00bb:\u00bbwp-content\\\/uploads\\\/2025\\\/01\\\/cat_obituaris.jpg\u00bb,\u00bblink\u00bb:\u00bbes\\\/category\\\/obituarios-y-memorias-es\\\/\u00bb,\u00bbtitle\u00bb:\u00bbObituarios y memorias\u00bb}},{\u00abtype\u00bb:\u00bbgallery_item\u00bb,\u00bbprops\u00bb:{\u00abimage\u00bb:\u00bbwp-content\\\/uploads\\\/2025\\\/05\\\/cat_delantal.jpg\u00bb,\u00bblink\u00bb:\u00bbes\\\/category\\\/el-delantal-del-covid19\\\/\u00bb,\u00bbtitle\u00bb:\u00bbEl delantal del Covid19&#8243;}},{\u00abtype\u00bb:\u00bbgallery_item\u00bb,\u00bbprops\u00bb:{\u00abhover_image\u00bb:\u00bb\u00bb,\u00bbimage\u00bb:\u00bbwp-content\\\/uploads\\\/2025\\\/01\\\/cat_cremada.jpg\u00bb,\u00bblink\u00bb:\u00bbes\\\/category\\\/la-rehabilitacion-de-la-mano-quemada\\\/\u00bb,\u00bbtitle\u00bb:\u00bbLa rehabilitaci\\u00f3n de la mano quemada\u00bb}},{\u00abtype\u00bb:\u00bbgallery_item\u00bb,\u00bbprops\u00bb:{\u00abhover_image\u00bb:\u00bb\u00bb,\u00bbimage\u00bb:\u00bbwp-content\\\/uploads\\\/2025\\\/05\\\/cat_sociedad_cultura.jpg\u00bb,\u00bblink\u00bb:\u00bbes\\\/category\\\/sociedad-y-cultura\\\/\u00bb,\u00bbtitle\u00bb:\u00bbSociedad y cultura\u00bb}},{\u00abtype\u00bb:\u00bbgallery_item\u00bb,\u00bbprops\u00bb:{\u00abhover_image\u00bb:\u00bb\u00bb,\u00bbimage\u00bb:\u00bbwp-content\\\/uploads\\\/2025\\\/05\\\/cat_salud.jpg\u00bb,\u00bblink\u00bb:\u00bbes\\\/category\\\/salud\\\/\u00bb,\u00bbtitle\u00bb:\u00bbSalud\u00bb}},{\u00abtype\u00bb:\u00bbgallery_item\u00bb,\u00bbprops\u00bb:{\u00abhover_image\u00bb:\u00bb\u00bb,\u00bbimage\u00bb:\u00bbwp-content\\\/uploads\\\/2025\\\/05\\\/cat_coses_familia.jpg\u00bb,\u00bblink\u00bb:\u00bbes\\\/category\\\/cosas-de-familia\\\/\u00bb,\u00bbtitle\u00bb:\u00bbCosas de familia\u00bb}}]}]}],\u00bbprops\u00bb:{\u00abalignment\u00bb:\u00bbleft\u00bb,\u00bbcolumn_gap\u00bb:\u00bbcollapse\u00bb,\u00bbheight\u00bb:\u00bbviewport\u00bb,\u00bbheight_offset_top\u00bb:false,\u00bblayout\u00bb:\u00bb1-2,1-2&#8243;,\u00bbrow_gap\u00bb:\u00bbcollapse\u00bb}}]}],\u00bbversion\u00bb:\u00bb4.5.21&#8243;} &#8211;><\/p>\n","protected":false},"excerpt":{"rendered":"<p>Me resist\u00ed durante a\u00f1os a empezar un blog. Siempre me ha costado mucho escribir cosas cortas. Por eso he publicado poco en los peri\u00f3dicos. Despu\u00e9s de casi medio siglo dedic\u00e1ndome a la Antropolog\u00eda social, que es mi profesi\u00f3n, los posts me ofrec\u00edan una posibilidad nueva que ahora, cuando estoy en mi 75 a\u00f1o de vida &#8230;<\/p>\n","protected":false},"author":1,"featured_media":0,"parent":0,"menu_order":0,"comment_status":"closed","ping_status":"closed","template":"","meta":{"_acf_changed":false,"footnotes":""},"class_list":["post-2416","page","type-page","status-publish","hentry"],"acf":[],"_links":{"self":[{"href":"https:\/\/josepmcomelles.com\/es\/wp-json\/wp\/v2\/pages\/2416","targetHints":{"allow":["GET"]}}],"collection":[{"href":"https:\/\/josepmcomelles.com\/es\/wp-json\/wp\/v2\/pages"}],"about":[{"href":"https:\/\/josepmcomelles.com\/es\/wp-json\/wp\/v2\/types\/page"}],"author":[{"embeddable":true,"href":"https:\/\/josepmcomelles.com\/es\/wp-json\/wp\/v2\/users\/1"}],"replies":[{"embeddable":true,"href":"https:\/\/josepmcomelles.com\/es\/wp-json\/wp\/v2\/comments?post=2416"}],"version-history":[{"count":25,"href":"https:\/\/josepmcomelles.com\/es\/wp-json\/wp\/v2\/pages\/2416\/revisions"}],"predecessor-version":[{"id":2579,"href":"https:\/\/josepmcomelles.com\/es\/wp-json\/wp\/v2\/pages\/2416\/revisions\/2579"}],"wp:attachment":[{"href":"https:\/\/josepmcomelles.com\/es\/wp-json\/wp\/v2\/media?parent=2416"}],"curies":[{"name":"wp","href":"https:\/\/api.w.org\/{rel}","templated":true}]}}